{"id":1261,"date":"2022-03-02T13:36:19","date_gmt":"2022-03-02T12:36:19","guid":{"rendered":"https:\/\/podskalo.staging.digitalist.si\/price-list\/"},"modified":"2022-11-18T08:17:19","modified_gmt":"2022-11-18T07:17:19","slug":"price-list","status":"publish","type":"page","link":"https:\/\/podskalo.si\/en\/price-list\/","title":{"rendered":"Price list"},"content":{"rendered":"\t\t<div data-elementor-type=\"wp-page\" data-elementor-id=\"1261\" class=\"elementor elementor-1261 elementor-868\">\n\t\t\t\t\t\t<div class=\"elementor-inner\">\n\t\t\t\t<div class=\"elementor-section-wrap\">\n\t\t\t\t\t\t\t\t\t<section class=\"elementor-section elementor-top-section elementor-element elementor-element-22b1a1e elementor-hidden-desktop elementor-hidden-tablet elementor-hidden-mobile elementor-section-boxed elementor-section-height-default elementor-section-height-default\" data-id=\"22b1a1e\" data-element_type=\"section\">\n\t\t\t\t\t\t<div class=\"elementor-container elementor-column-gap-default\">\n\t\t\t\t\t\t\t<div class=\"elementor-row\">\n\t\t\t\t\t<div class=\"elementor-column elementor-col-100 elementor-top-column elementor-element elementor-element-eff69f0\" data-id=\"eff69f0\" data-element_type=\"column\">\n\t\t\t<div class=\"elementor-column-wrap elementor-element-populated\">\n\t\t\t\t\t\t\t<div class=\"elementor-widget-wrap\">\n\t\t\t\t\t\t<div class=\"elementor-element elementor-element-0a31554 cenik-tabela-wrapper elementor-widget elementor-widget-text-editor\" data-id=\"0a31554\" data-element_type=\"widget\" data-widget_type=\"text-editor.default\">\n\t\t\t\t<div class=\"elementor-widget-container\">\n\t\t\t\t\t\t\t\t<div class=\"elementor-text-editor elementor-clearfix\">\n\t\t\t\t<table class=\"cenik-tabela\">\r\n<tbody>\r\n<tr class=\"cenik-sezona\">\r\n<td><\/td>\r\n<td colspan=\"2\">Off-season<\/td>\r\n<td colspan=\"2\">High season*<\/td>\r\n<\/tr>\r\n<tr class=\"cenik-zajtrk\">\r\n<td><\/td>\r\n<td>Breakfast included<\/td>\r\n<td>Without breakfast<\/td>\r\n<td>Breakfast included<\/td>\r\n<td>Without breakfast<\/td>\r\n<\/tr>\r\n<tr class=\"cenik-soba\">\r\n<td>Standard double room\r\n(king size bed)<\/td>\r\n<td>63\u20ac<\/td>\r\n<td>51\u20ac<\/td>\r\n<td>68\u20ac<\/td>\r\n<td>56\u20ac<\/td>\r\n<\/tr>\r\n<tr class=\"cenik-soba\">\r\n<td>Small twin room\r\n(2 single beds)<\/td>\r\n<td>58\u20ac<\/td>\r\n<td>46\u20ac<\/td>\r\n<td>63\u20ac<\/td>\r\n<td>51\u20ac<\/td>\r\n<\/tr>\r\n<tr class=\"cenik-soba\">\r\n<td>Triple room\r\n(king size bed and single bed)<\/td>\r\n<td>76\u20ac<\/td>\r\n<td>64\u20ac<\/td>\r\n<td>81\u20ac<\/td>\r\n<td>69\u20ac<\/td>\r\n<\/tr>\r\n<tr class=\"cenik-soba\">\r\n<td>Economy single room\r\n(single bed)<\/td>\r\n<td>38\u20ac<\/td>\r\n<td>32\u20ac<\/td>\r\n<td>43\u20ac<\/td>\r\n<td>37\u20ac<\/td>\r\n<\/tr>\r\n<tr class=\"cenik-soba2\">\r\n<td>Large room with\r\n2 private bathrooms for<\/td>\r\n<td><\/td>\r\n<td><\/td>\r\n<td><\/td>\r\n<td><\/td>\r\n<\/tr>\r\n<tr class=\"cenik-soba2\">\r\n<td>4 people<\/td>\r\n<td>95\u20ac<\/td>\r\n<td>71\u20ac<\/td>\r\n<td>115\u20ac<\/td>\r\n<td>91\u20ac<\/td>\r\n<\/tr>\r\n<tr class=\"cenik-soba2\">\r\n<td>5 people<\/td>\r\n<td>115\u20ac<\/td>\r\n<td>91\u20ac<\/td>\r\n<td>135\u20ac<\/td>\r\n<td>105\u20ac<\/td>\r\n<\/tr>\r\n<tr class=\"cenik-soba\">\r\n<td>6 people<\/td>\r\n<td>135\u20ac<\/td>\r\n<td>111\u20ac<\/td>\r\n<td>155\u20ac<\/td>\r\n<td>119\u20ac<\/td>\r\n<\/tr>\r\n<tr class=\"cenik-soba2\">\r\n<td>Apartment** for<\/td>\r\n<td><\/td>\r\n<td><\/td>\r\n<td><\/td>\r\n<td><\/td>\r\n<\/tr>\r\n<tr class=\"cenik-soba2\">\r\n<td>2 people<\/td>\r\n<td><\/td>\r\n<td>70\u20ac<\/td>\r\n<td><\/td>\r\n<td>80\u20ac<\/td>\r\n<\/tr>\r\n<tr class=\"cenik-soba2\">\r\n<td>3-4 people<\/td>\r\n<td><\/td>\r\n<td>110\u20ac<\/td>\r\n<td><\/td>\r\n<td>120\u20ac<\/td>\r\n<\/tr>\r\n<tr class=\"cenik-soba\">\r\n<td>5-6 people<\/td>\r\n<td><\/td>\r\n<td>130\u20ac<\/td>\r\n<td><\/td>\r\n<td>140\u20ac<\/td>\r\n<\/tr>\r\n<\/tbody>\r\n<\/table>\t\t\t\t\t<\/div>\n\t\t\t\t\t\t<\/div>\n\t\t\t\t<\/div>\n\t\t\t\t\t\t<\/div>\n\t\t\t\t\t<\/div>\n\t\t<\/div>\n\t\t\t\t\t\t\t\t<\/div>\n\t\t\t\t\t<\/div>\n\t\t<\/section>\n\t\t\t\t<section class=\"elementor-section elementor-top-section elementor-element elementor-element-d5efcd0 elementor-section-boxed elementor-section-height-default elementor-section-height-default\" data-id=\"d5efcd0\" data-element_type=\"section\">\n\t\t\t\t\t\t<div class=\"elementor-container elementor-column-gap-default\">\n\t\t\t\t\t\t\t<div class=\"elementor-row\">\n\t\t\t\t\t<div class=\"elementor-column elementor-col-100 elementor-top-column elementor-element elementor-element-b5a41e4\" data-id=\"b5a41e4\" data-element_type=\"column\">\n\t\t\t<div class=\"elementor-column-wrap elementor-element-populated\">\n\t\t\t\t\t\t\t<div class=\"elementor-widget-wrap\">\n\t\t\t\t\t\t<div class=\"elementor-element elementor-element-25505c8 cenik-tabela-wrapper elementor-widget elementor-widget-text-editor\" data-id=\"25505c8\" data-element_type=\"widget\" data-widget_type=\"text-editor.default\">\n\t\t\t\t<div class=\"elementor-widget-container\">\n\t\t\t\t\t\t\t\t<div class=\"elementor-text-editor elementor-clearfix\">\n\t\t\t\t<p><script src=\"\/\/www.bentral.com\/service\/embed\/price-list.js?uid=5f7a6b304e515f4e&#038;id=5f7a49334d515f4d&#038;width=full&#038;key=910c422d5a497004bb9e75788b2c3959\"><\/script><\/p>\n\t\t\t\t\t<\/div>\n\t\t\t\t\t\t<\/div>\n\t\t\t\t<\/div>\n\t\t\t\t<div class=\"elementor-element elementor-element-b81186f cenik-tabela-wrapper elementor-widget elementor-widget-text-editor\" data-id=\"b81186f\" data-element_type=\"widget\" data-widget_type=\"text-editor.default\">\n\t\t\t\t<div class=\"elementor-widget-container\">\n\t\t\t\t\t\t\t\t<div class=\"elementor-text-editor elementor-clearfix\">\n\t\t\t\t<p><script src=\"\/\/www.bentral.com\/service\/embed\/price-list.js?uid=5f7a6b304e675f4e&#038;id=5f7a49334d515f4d&#038;width=full&#038;key=910c422d5a497004bb9e75788b2c3959\"><\/script><\/p>\n\t\t\t\t\t<\/div>\n\t\t\t\t\t\t<\/div>\n\t\t\t\t<\/div>\n\t\t\t\t<div class=\"elementor-element elementor-element-c5d45fd cenik-tabela-wrapper elementor-widget elementor-widget-text-editor\" data-id=\"c5d45fd\" data-element_type=\"widget\" data-widget_type=\"text-editor.default\">\n\t\t\t\t<div class=\"elementor-widget-container\">\n\t\t\t\t\t\t\t\t<div class=\"elementor-text-editor elementor-clearfix\">\n\t\t\t\t<p><script src=\"\/\/www.bentral.com\/service\/embed\/price-list.js?uid=5f7a6b304e775f4e&#038;id=5f7a49334d515f4d&#038;width=full&#038;key=910c422d5a497004bb9e75788b2c3959\"><\/script><\/p>\n\t\t\t\t\t<\/div>\n\t\t\t\t\t\t<\/div>\n\t\t\t\t<\/div>\n\t\t\t\t<div class=\"elementor-element elementor-element-9f48160 cenik-tabela-wrapper elementor-widget elementor-widget-text-editor\" data-id=\"9f48160\" data-element_type=\"widget\" data-widget_type=\"text-editor.default\">\n\t\t\t\t<div class=\"elementor-widget-container\">\n\t\t\t\t\t\t\t\t<div class=\"elementor-text-editor elementor-clearfix\">\n\t\t\t\t<p><script src=\"\/\/www.bentral.com\/service\/embed\/price-list.js?uid=5f7a6b304f415f4e&#038;id=5f7a49334d515f4d&#038;width=full&#038;key=910c422d5a497004bb9e75788b2c3959\"><\/script><\/p>\n\t\t\t\t\t<\/div>\n\t\t\t\t\t\t<\/div>\n\t\t\t\t<\/div>\n\t\t\t\t<div class=\"elementor-element elementor-element-a896a7d cenik-tabela-wrapper elementor-widget elementor-widget-text-editor\" data-id=\"a896a7d\" data-element_type=\"widget\" data-widget_type=\"text-editor.default\">\n\t\t\t\t<div class=\"elementor-widget-container\">\n\t\t\t\t\t\t\t\t<div class=\"elementor-text-editor elementor-clearfix\">\n\t\t\t\t<p><script src=\"\/\/www.bentral.com\/service\/embed\/price-list.js?uid=5f7a6b304f515f4e&#038;id=5f7a49334d515f4d&#038;width=full&#038;key=910c422d5a497004bb9e75788b2c3959\"><\/script><\/p>\n\t\t\t\t\t<\/div>\n\t\t\t\t\t\t<\/div>\n\t\t\t\t<\/div>\n\t\t\t\t<div class=\"elementor-element elementor-element-13c6996 cenik-tabela-wrapper elementor-widget elementor-widget-text-editor\" data-id=\"13c6996\" data-element_type=\"widget\" data-widget_type=\"text-editor.default\">\n\t\t\t\t<div class=\"elementor-widget-container\">\n\t\t\t\t\t\t\t\t<div class=\"elementor-text-editor elementor-clearfix\">\n\t\t\t\t<p><script src=\"\/\/www.bentral.com\/service\/embed\/price-list.js?uid=5f7a6b314d415f4e&#038;id=5f7a49334d515f4d&#038;width=full&#038;key=910c422d5a497004bb9e75788b2c3959\"><\/script><\/p>\n\t\t\t\t\t<\/div>\n\t\t\t\t\t\t<\/div>\n\t\t\t\t<\/div>\n\t\t\t\t\t\t<\/div>\n\t\t\t\t\t<\/div>\n\t\t<\/div>\n\t\t\t\t\t\t\t\t<\/div>\n\t\t\t\t\t<\/div>\n\t\t<\/section>\n\t\t\t\t<section class=\"elementor-section elementor-top-section elementor-element elementor-element-21dc427 elementor-section-boxed elementor-section-height-default elementor-section-height-default\" data-id=\"21dc427\" data-element_type=\"section\">\n\t\t\t\t\t\t<div class=\"elementor-container elementor-column-gap-default\">\n\t\t\t\t\t\t\t<div class=\"elementor-row\">\n\t\t\t\t\t<div class=\"elementor-column elementor-col-100 elementor-top-column elementor-element elementor-element-e6d7c56\" data-id=\"e6d7c56\" data-element_type=\"column\">\n\t\t\t<div class=\"elementor-column-wrap elementor-element-populated\">\n\t\t\t\t\t\t\t<div class=\"elementor-widget-wrap\">\n\t\t\t\t\t\t<div class=\"elementor-element elementor-element-47e01fb elementor-widget elementor-widget-text-editor\" data-id=\"47e01fb\" data-element_type=\"widget\" data-widget_type=\"text-editor.default\">\n\t\t\t\t<div class=\"elementor-widget-container\">\n\t\t\t\t\t\t\t\t<div class=\"elementor-text-editor elementor-clearfix\">\n\t\t\t\t<strong>** minimum stay: 3 nights<\/strong>\r\n\r\n<strong>Prices are in EUR and include:<\/strong>\r\n<ul>\r\n \t<li>VAT<\/li>\r\n \t<li>Wi-Fi<\/li>\r\n \t<li>private parking<\/li>\r\n \t<li>kitchen use.<\/li>\r\n<\/ul>\r\n<strong>Discounts:<\/strong>\r\n<ul>\r\n \t<li>10% discount for guests with Youth Hostelling International card<\/li>\r\n \t<li>15% discount for children 3 &#8211; 12 years. Children up to 3 years free of charge<\/li>\r\n \t<li>5% discount for groups of more than 12 people<\/li>\r\n \t<li>10% discount for guests staying more than 10 nights<\/li>\r\n<\/ul>\r\n<strong>*** 2,00 \u20ac\/night (youth 18-30 years), 1,25 \u20ac (7-18 years), free of charge (children under 7 years)<\/strong>\r\n\r\nCheck-in time: 3 P.M. &#8211; 11 P.M.\r\n\r\nCheck-out time: 7 A.M. &#8211; 11 A.M.\r\n\r\nPlease, contact us in case of late or early arrival and we will try to meet your needs.\r\n\r\n<strong>We wish you a pleasant stay!<\/strong>\t\t\t\t\t<\/div>\n\t\t\t\t\t\t<\/div>\n\t\t\t\t<\/div>\n\t\t\t\t\t\t<\/div>\n\t\t\t\t\t<\/div>\n\t\t<\/div>\n\t\t\t\t\t\t\t\t<\/div>\n\t\t\t\t\t<\/div>\n\t\t<\/section>\n\t\t\t\t\t\t\t\t\t<\/div>\n\t\t\t<\/div>\n\t\t\t\t\t<\/div>\n\t\t","protected":false},"excerpt":{"rendered":"<p>Off-season High season* Breakfast included Without breakfast Breakfast included Without breakfast Standard double room (king size bed) 63\u20ac 51\u20ac 68\u20ac 56\u20ac Small twin room (2 single beds) 58\u20ac 46\u20ac 63\u20ac 51\u20ac Triple room (king size bed and single bed) 76\u20ac &hellip; <a href=\"https:\/\/podskalo.si\/en\/price-list\/\">Read More<\/a><\/p>\n","protected":false},"author":1,"featured_media":0,"parent":0,"menu_order":0,"comment_status":"closed","ping_status":"closed","template":"","meta":{"footnotes":""},"class_list":["post-1261","page","type-page","status-publish","hentry"],"yoast_head":"<!-- This site is optimized with the Yoast SEO plugin v18.3 - https:\/\/yoast.com\/wordpress\/plugins\/seo\/ -->\n<title>Price list - Podskalo<\/title>\n<meta name=\"description\" content=\"Dru\u017einsko vodeno podjetje Pod Skalo je nadaljevanje dolgoletne gostinske tradicije, ki se na odli\u010dni lokaciji pod Starim gradom prena\u0161a iz roda v rod.\" \/>\n<meta name=\"robots\" content=\"index, follow, max-snippet:-1, max-image-preview:large, max-video-preview:-1\" \/>\n<link rel=\"canonical\" href=\"https:\/\/podskalo.si\/cenik\/\" \/>\n<meta property=\"og:locale\" content=\"en_US\" \/>\n<meta property=\"og:type\" content=\"article\" \/>\n<meta property=\"og:title\" content=\"Price list - Podskalo\" \/>\n<meta property=\"og:description\" content=\"Dru\u017einsko vodeno podjetje Pod Skalo je nadaljevanje dolgoletne gostinske tradicije, ki se na odli\u010dni lokaciji pod Starim gradom prena\u0161a iz roda v rod.\" \/>\n<meta property=\"og:url\" content=\"https:\/\/podskalo.si\/cenik\/\" \/>\n<meta property=\"og:site_name\" content=\"Podskalo\" \/>\n<meta property=\"article:publisher\" content=\"https:\/\/www.facebook.com\/pod.skalo\/\" \/>\n<meta property=\"article:modified_time\" content=\"2022-11-18T07:17:19+00:00\" \/>\n<meta name=\"twitter:card\" content=\"summary_large_image\" \/>\n<meta name=\"twitter:label1\" content=\"Est. reading time\" \/>\n\t<meta name=\"twitter:data1\" content=\"1 minute\" \/>\n<script type=\"application\/ld+json\" class=\"yoast-schema-graph\">{\"@context\":\"https:\/\/schema.org\",\"@graph\":[{\"@type\":\"Organization\",\"@id\":\"https:\/\/podskalo.si\/#organization\",\"name\":\"Pod Skalo \u2013 B&B, Hostel in Pub\",\"url\":\"https:\/\/podskalo.si\/\",\"sameAs\":[\"https:\/\/www.facebook.com\/pod.skalo\/\",\"https:\/\/www.instagram.com\/podskalo\/\"],\"logo\":{\"@type\":\"ImageObject\",\"@id\":\"https:\/\/podskalo.si\/#logo\",\"inLanguage\":\"en-US\",\"url\":\"https:\/\/podskalo.si\/wp-content\/uploads\/2022\/02\/logo.png\",\"contentUrl\":\"https:\/\/podskalo.si\/wp-content\/uploads\/2022\/02\/logo.png\",\"width\":166,\"height\":81,\"caption\":\"Pod Skalo \u2013 B&B, Hostel in Pub\"},\"image\":{\"@id\":\"https:\/\/podskalo.si\/#logo\"}},{\"@type\":\"WebSite\",\"@id\":\"https:\/\/podskalo.si\/#website\",\"url\":\"https:\/\/podskalo.si\/\",\"name\":\"Podskalo\",\"description\":\"Preno\u010di\u0161\u010da in sobe Kamnik, hostel Pod Skalo\",\"publisher\":{\"@id\":\"https:\/\/podskalo.si\/#organization\"},\"potentialAction\":[{\"@type\":\"SearchAction\",\"target\":{\"@type\":\"EntryPoint\",\"urlTemplate\":\"https:\/\/podskalo.si\/?s={search_term_string}\"},\"query-input\":\"required name=search_term_string\"}],\"inLanguage\":\"en-US\"},{\"@type\":\"WebPage\",\"@id\":\"https:\/\/podskalo.si\/cenik\/#webpage\",\"url\":\"https:\/\/podskalo.si\/cenik\/\",\"name\":\"Price list - Podskalo\",\"isPartOf\":{\"@id\":\"https:\/\/podskalo.si\/#website\"},\"datePublished\":\"2022-03-02T12:36:19+00:00\",\"dateModified\":\"2022-11-18T07:17:19+00:00\",\"description\":\"Dru\u017einsko vodeno podjetje Pod Skalo je nadaljevanje dolgoletne gostinske tradicije, ki se na odli\u010dni lokaciji pod Starim gradom prena\u0161a iz roda v rod.\",\"breadcrumb\":{\"@id\":\"https:\/\/podskalo.si\/cenik\/#breadcrumb\"},\"inLanguage\":\"en-US\",\"potentialAction\":[{\"@type\":\"ReadAction\",\"target\":[\"https:\/\/podskalo.si\/cenik\/\"]}]},{\"@type\":\"BreadcrumbList\",\"@id\":\"https:\/\/podskalo.si\/cenik\/#breadcrumb\",\"itemListElement\":[{\"@type\":\"ListItem\",\"position\":1,\"name\":\"Home\",\"item\":\"https:\/\/podskalo.si\/\"},{\"@type\":\"ListItem\",\"position\":2,\"name\":\"Price list\"}]}]}<\/script>\n<!-- \/ Yoast SEO plugin. -->","yoast_head_json":{"title":"Price list - Podskalo","description":"Dru\u017einsko vodeno podjetje Pod Skalo je nadaljevanje dolgoletne gostinske tradicije, ki se na odli\u010dni lokaciji pod Starim gradom prena\u0161a iz roda v rod.","robots":{"index":"index","follow":"follow","max-snippet":"max-snippet:-1","max-image-preview":"max-image-preview:large","max-video-preview":"max-video-preview:-1"},"canonical":"https:\/\/podskalo.si\/cenik\/","og_locale":"en_US","og_type":"article","og_title":"Price list - Podskalo","og_description":"Dru\u017einsko vodeno podjetje Pod Skalo je nadaljevanje dolgoletne gostinske tradicije, ki se na odli\u010dni lokaciji pod Starim gradom prena\u0161a iz roda v rod.","og_url":"https:\/\/podskalo.si\/cenik\/","og_site_name":"Podskalo","article_publisher":"https:\/\/www.facebook.com\/pod.skalo\/","article_modified_time":"2022-11-18T07:17:19+00:00","twitter_card":"summary_large_image","twitter_misc":{"Est. reading time":"1 minute"},"schema":{"@context":"https:\/\/schema.org","@graph":[{"@type":"Organization","@id":"https:\/\/podskalo.si\/#organization","name":"Pod Skalo \u2013 B&B, Hostel in Pub","url":"https:\/\/podskalo.si\/","sameAs":["https:\/\/www.facebook.com\/pod.skalo\/","https:\/\/www.instagram.com\/podskalo\/"],"logo":{"@type":"ImageObject","@id":"https:\/\/podskalo.si\/#logo","inLanguage":"en-US","url":"https:\/\/podskalo.si\/wp-content\/uploads\/2022\/02\/logo.png","contentUrl":"https:\/\/podskalo.si\/wp-content\/uploads\/2022\/02\/logo.png","width":166,"height":81,"caption":"Pod Skalo \u2013 B&B, Hostel in Pub"},"image":{"@id":"https:\/\/podskalo.si\/#logo"}},{"@type":"WebSite","@id":"https:\/\/podskalo.si\/#website","url":"https:\/\/podskalo.si\/","name":"Podskalo","description":"Preno\u010di\u0161\u010da in sobe Kamnik, hostel Pod Skalo","publisher":{"@id":"https:\/\/podskalo.si\/#organization"},"potentialAction":[{"@type":"SearchAction","target":{"@type":"EntryPoint","urlTemplate":"https:\/\/podskalo.si\/?s={search_term_string}"},"query-input":"required name=search_term_string"}],"inLanguage":"en-US"},{"@type":"WebPage","@id":"https:\/\/podskalo.si\/cenik\/#webpage","url":"https:\/\/podskalo.si\/cenik\/","name":"Price list - Podskalo","isPartOf":{"@id":"https:\/\/podskalo.si\/#website"},"datePublished":"2022-03-02T12:36:19+00:00","dateModified":"2022-11-18T07:17:19+00:00","description":"Dru\u017einsko vodeno podjetje Pod Skalo je nadaljevanje dolgoletne gostinske tradicije, ki se na odli\u010dni lokaciji pod Starim gradom prena\u0161a iz roda v rod.","breadcrumb":{"@id":"https:\/\/podskalo.si\/cenik\/#breadcrumb"},"inLanguage":"en-US","potentialAction":[{"@type":"ReadAction","target":["https:\/\/podskalo.si\/cenik\/"]}]},{"@type":"BreadcrumbList","@id":"https:\/\/podskalo.si\/cenik\/#breadcrumb","itemListElement":[{"@type":"ListItem","position":1,"name":"Home","item":"https:\/\/podskalo.si\/"},{"@type":"ListItem","position":2,"name":"Price list"}]}]}},"_links":{"self":[{"href":"https:\/\/podskalo.si\/en\/wp-json\/wp\/v2\/pages\/1261","targetHints":{"allow":["GET"]}}],"collection":[{"href":"https:\/\/podskalo.si\/en\/wp-json\/wp\/v2\/pages"}],"about":[{"href":"https:\/\/podskalo.si\/en\/wp-json\/wp\/v2\/types\/page"}],"author":[{"embeddable":true,"href":"https:\/\/podskalo.si\/en\/wp-json\/wp\/v2\/users\/1"}],"replies":[{"embeddable":true,"href":"https:\/\/podskalo.si\/en\/wp-json\/wp\/v2\/comments?post=1261"}],"version-history":[{"count":2,"href":"https:\/\/podskalo.si\/en\/wp-json\/wp\/v2\/pages\/1261\/revisions"}],"predecessor-version":[{"id":2328,"href":"https:\/\/podskalo.si\/en\/wp-json\/wp\/v2\/pages\/1261\/revisions\/2328"}],"wp:attachment":[{"href":"https:\/\/podskalo.si\/en\/wp-json\/wp\/v2\/media?parent=1261"}],"curies":[{"name":"wp","href":"https:\/\/api.w.org\/{rel}","templated":true}]}}