{"id":1266,"date":"2022-03-01T15:47:52","date_gmt":"2022-03-01T14:47:52","guid":{"rendered":"https:\/\/podskalo.staging.digitalist.si\/rooms\/"},"modified":"2022-03-08T10:40:58","modified_gmt":"2022-03-08T09:40:58","slug":"rooms","status":"publish","type":"page","link":"https:\/\/podskalo.si\/en\/rooms\/","title":{"rendered":"Rooms"},"content":{"rendered":"\t\t<div data-elementor-type=\"wp-page\" data-elementor-id=\"1266\" class=\"elementor elementor-1266 elementor-802\">\n\t\t\t\t\t\t<div class=\"elementor-inner\">\n\t\t\t\t<div class=\"elementor-section-wrap\">\n\t\t\t\t\t\t\t\t\t<section class=\"elementor-section elementor-top-section elementor-element elementor-element-e8af309 elementor-section-full_width elementor-section-height-min-height elementor-section-height-default elementor-section-items-middle\" data-id=\"e8af309\" data-element_type=\"section\" data-settings=\"{&quot;background_background&quot;:&quot;classic&quot;}\">\n\t\t\t\t\t\t\t<div class=\"elementor-background-overlay\"><\/div>\n\t\t\t\t\t\t\t<div class=\"elementor-container elementor-column-gap-default\">\n\t\t\t\t\t\t\t<div class=\"elementor-row\">\n\t\t\t\t\t<div class=\"elementor-column elementor-col-100 elementor-top-column elementor-element elementor-element-4e93c044\" data-id=\"4e93c044\" data-element_type=\"column\">\n\t\t\t<div class=\"elementor-column-wrap elementor-element-populated\">\n\t\t\t\t\t\t\t<div class=\"elementor-widget-wrap\">\n\t\t\t\t\t\t<div class=\"elementor-element elementor-element-a1085db elementor-widget elementor-widget-spacer\" data-id=\"a1085db\" data-element_type=\"widget\" data-widget_type=\"spacer.default\">\n\t\t\t\t<div class=\"elementor-widget-container\">\n\t\t\t\t\t<div class=\"elementor-spacer\">\n\t\t\t<div class=\"elementor-spacer-inner\"><\/div>\n\t\t<\/div>\n\t\t\t\t<\/div>\n\t\t\t\t<\/div>\n\t\t\t\t<div class=\"elementor-element elementor-element-4cac3a07 elementor-view-default elementor-position-top elementor-invisible elementor-widget elementor-widget-themo-header\" data-id=\"4cac3a07\" data-element_type=\"widget\" data-settings=\"{&quot;_animation&quot;:&quot;fadeIn&quot;}\" data-widget_type=\"themo-header.default\">\n\t\t\t\t<div class=\"elementor-widget-container\">\n\t\t\t\t\t<div class=\"th-header-wrap\">\n        <div class=\"elementor-icon-box-wrapper \">\n                            <div class=\"elementor-icon-box-content\">\n                    <h1 class=\"elementor-icon-box-title\">\n                        ROOMS                    <\/h1>\n                                        <p class=\"elementor-icon-box-description\">Family-run B&amp;B and Hostel near the city centre and close to nature<\/p>\n\n                                    <\/div>\n            <\/div>\n\n        <\/div>\n\n\t\t\t\t<\/div>\n\t\t\t\t<\/div>\n\t\t\t\t\t\t<\/div>\n\t\t\t\t\t<\/div>\n\t\t<\/div>\n\t\t\t\t\t\t\t\t<\/div>\n\t\t\t\t\t<\/div>\n\t\t<\/section>\n\t\t\t\t<section class=\"elementor-section elementor-top-section elementor-element elementor-element-1fa381ba elementor-section-boxed elementor-section-height-default elementor-section-height-default\" data-id=\"1fa381ba\" data-element_type=\"section\" data-settings=\"{&quot;background_background&quot;:&quot;classic&quot;}\">\n\t\t\t\t\t\t<div class=\"elementor-container elementor-column-gap-default\">\n\t\t\t\t\t\t\t<div class=\"elementor-row\">\n\t\t\t\t\t<div class=\"elementor-column elementor-col-100 elementor-top-column elementor-element elementor-element-27442c13\" data-id=\"27442c13\" data-element_type=\"column\">\n\t\t\t<div class=\"elementor-column-wrap elementor-element-populated\">\n\t\t\t\t\t\t\t<div class=\"elementor-widget-wrap\">\n\t\t\t\t\t\t<div class=\"elementor-element elementor-element-3ef3d9f elementor-view-default elementor-position-top elementor-widget elementor-widget-themo-header\" data-id=\"3ef3d9f\" data-element_type=\"widget\" data-widget_type=\"themo-header.default\">\n\t\t\t\t<div class=\"elementor-widget-container\">\n\t\t\t\t\t<div class=\"th-header-wrap\">\n        <div class=\"elementor-icon-box-wrapper \">\n                            <div class=\"elementor-icon-box-content\">\n                    <h1 class=\"elementor-icon-box-title\">\n                                            <\/h1>\n                                        <p class=\"elementor-icon-box-description\">We offer comfortable stay and homely atmosphere in a renovated 18th century house. Interior was refurnished and combines modern with old-style touch, to complement the long history of the house and to meet the needs of present time travellers.<\/p>\n\n                                    <\/div>\n            <\/div>\n\n        <\/div>\n\n\t\t\t\t<\/div>\n\t\t\t\t<\/div>\n\t\t\t\t<div class=\"elementor-element elementor-element-3048cd72 elementor-widget elementor-widget-themo-accommodation-grid\" data-id=\"3048cd72\" data-element_type=\"widget\" data-widget_type=\"themo-accommodation-grid.default\">\n\t\t\t\t<div class=\"elementor-widget-container\">\n\t\t\t\n                <div id=\"th-portfolio-content-69df3d24b4ea9\" class=\"th-portfolio\">\n\n            \n                <div id=\"filters\" class=\"th-portfolio-filters\">\n                    \n                    \n                                    <\/div>\n\n            \n            <div id=\"th-portfolio-row\" class=\"th-portfolio-row row portfolio_content  three-columns th-port-gutter th-port-style-2 display-flex\">\n\n                                        <div id=\"post-1284\" class=\"th-portfolio-item item col-md-4 col-sm-6 post-1284 mphb_room_type type-mphb_room_type status-publish format-standard has-post-thumbnail hentry mphb_room_type_facility-private-parking mphb_room_type_facility-use-of-common-room mphb_room_type_facility-wi-fi mphb-room-type-adults-2 mphb-room-type-children-0 has-taxes-and-fees\">\n\n                                                        <div class=\"th-port-card th-port-card-default\">\n                                <a href=\"https:\/\/podskalo.si\/en\/accommodation\/standard-double-room\/\" class=\"th-port-card-link\" >                                <span class=\"th-port-card-img\">\n                                                            <img loading=\"lazy\" decoding=\"async\" width=\"605\" height=\"465\" src=\"https:\/\/podskalo.si\/wp-content\/uploads\/2022\/02\/standardna-dvoposteljna-soba-605x465.jpg\" class=\"img-responsive th-port-img wp-post-image\" alt=\"\" \/>                                                                    <div class=\"th-port-card-caption th-pricing-cost\"><p>from 68 \u20ac per night<\/p><\/div>                                    <\/span>\n                                    <span class=\"th-port-card-body\">\n                                      <h3 class=\"th-port-title\">Standard double room<\/h3>\n                                      <p class=\"th-port-sub th-else\">Room with shower, toilet and sink.<\/p>                                    <\/span>\n                                    <\/a>\n                                <\/div>\n\n                                                        <\/div>\n                                                <div id=\"post-1319\" class=\"th-portfolio-item item col-md-4 col-sm-6 post-1319 mphb_room_type type-mphb_room_type status-publish format-standard has-post-thumbnail hentry mphb_room_type_facility-private-parking mphb_room_type_facility-use-of-common-room mphb_room_type_facility-wi-fi mphb-room-type-adults-6 mphb-room-type-children-0 has-taxes-and-fees\">\n\n                                                        <div class=\"th-port-card th-port-card-default\">\n                                <a href=\"https:\/\/podskalo.si\/en\/accommodation\/apartment\/\" class=\"th-port-card-link\" >                                <span class=\"th-port-card-img\">\n                                                            <img loading=\"lazy\" decoding=\"async\" width=\"605\" height=\"465\" src=\"https:\/\/podskalo.si\/wp-content\/uploads\/2022\/03\/podskalo-apartma-7-605x465.jpg\" class=\"img-responsive th-port-img wp-post-image\" alt=\"\" \/>                                                                    <div class=\"th-port-card-caption th-pricing-cost\"><p>from 70\u20ac per night<\/p><\/div>                                    <\/span>\n                                    <span class=\"th-port-card-body\">\n                                      <h3 class=\"th-port-title\">Apartment<\/h3>\n                                      <p class=\"th-port-sub th-else\"> <\/p>                                    <\/span>\n                                    <\/a>\n                                <\/div>\n\n                                                        <\/div>\n                                                <div id=\"post-1307\" class=\"th-portfolio-item item col-md-4 col-sm-6 post-1307 mphb_room_type type-mphb_room_type status-publish format-standard has-post-thumbnail hentry mphb_room_type_facility-private-parking mphb_room_type_facility-use-of-common-room mphb_room_type_facility-wi-fi mphb-room-type-adults-2 mphb-room-type-children-0 has-taxes-and-fees\">\n\n                                                        <div class=\"th-port-card th-port-card-default\">\n                                <a href=\"https:\/\/podskalo.si\/en\/accommodation\/twin-room-with-separate-single-beds\/\" class=\"th-port-card-link\" >                                <span class=\"th-port-card-img\">\n                                                            <img loading=\"lazy\" decoding=\"async\" width=\"605\" height=\"465\" src=\"https:\/\/podskalo.si\/wp-content\/uploads\/2022\/02\/dvoposteljna-soba-locena-lezisca1-605x465.jpg\" class=\"img-responsive th-port-img wp-post-image\" alt=\"\" \/>                                                                    <div class=\"th-port-card-caption th-pricing-cost\"><p>from 63 \u20ac per night<\/p><\/div>                                    <\/span>\n                                    <span class=\"th-port-card-body\">\n                                      <h3 class=\"th-port-title\">Small twin room with separate single beds<\/h3>\n                                      <p class=\"th-port-sub th-else\">Room with private bathroom with shower, toilet and washbasin.<\/p>                                    <\/span>\n                                    <\/a>\n                                <\/div>\n\n                                                        <\/div>\n                                                <div id=\"post-1317\" class=\"th-portfolio-item item col-md-4 col-sm-6 post-1317 mphb_room_type type-mphb_room_type status-publish format-standard has-post-thumbnail hentry mphb_room_type_facility-private-parking mphb_room_type_facility-use-of-common-room mphb_room_type_facility-wi-fi mphb-room-type-adults-6 mphb-room-type-children-0 has-taxes-and-fees\">\n\n                                                        <div class=\"th-port-card th-port-card-default\">\n                                <a href=\"https:\/\/podskalo.si\/en\/accommodation\/large-room-with-2-private-bathrooms\/\" class=\"th-port-card-link\" >                                <span class=\"th-port-card-img\">\n                                                            <img loading=\"lazy\" decoding=\"async\" width=\"605\" height=\"465\" src=\"https:\/\/podskalo.si\/wp-content\/uploads\/2022\/03\/PS_2-605x465.jpg\" class=\"img-responsive th-port-img wp-post-image\" alt=\"\" \/>                                                                    <div class=\"th-port-card-caption th-pricing-cost\"><p>from 105 \u20ac per night<\/p><\/div>                                    <\/span>\n                                    <span class=\"th-port-card-body\">\n                                      <h3 class=\"th-port-title\">Large room with 2 private bathrooms<\/h3>\n                                      <p class=\"th-port-sub th-else\">The room has 4 single and 1 bunk bed, 2 private bathrooms with showers, 2 toilets.<\/p>                                    <\/span>\n                                    <\/a>\n                                <\/div>\n\n                                                        <\/div>\n                                                <div id=\"post-1311\" class=\"th-portfolio-item item col-md-4 col-sm-6 post-1311 mphb_room_type type-mphb_room_type status-publish format-standard has-post-thumbnail hentry mphb_room_type_facility-private-parking mphb_room_type_facility-use-of-common-room mphb_room_type_facility-wi-fi mphb-room-type-adults-3 mphb-room-type-children-0 has-taxes-and-fees\">\n\n                                                        <div class=\"th-port-card th-port-card-default\">\n                                <a href=\"https:\/\/podskalo.si\/en\/accommodation\/triple-room\/\" class=\"th-port-card-link\" >                                <span class=\"th-port-card-img\">\n                                                            <img loading=\"lazy\" decoding=\"async\" width=\"605\" height=\"465\" src=\"https:\/\/podskalo.si\/wp-content\/uploads\/2022\/02\/troposteljna-soba3-605x465.jpg\" class=\"img-responsive th-port-img wp-post-image\" alt=\"\" \/>                                                                    <div class=\"th-port-card-caption th-pricing-cost\"><p>from 81 \u20ac per night<\/p><\/div>                                    <\/span>\n                                    <span class=\"th-port-card-body\">\n                                      <h3 class=\"th-port-title\">Triple room<\/h3>\n                                      <p class=\"th-port-sub th-else\">Room with private bathroom with shower, toilet and washbasin.<\/p>                                    <\/span>\n                                    <\/a>\n                                <\/div>\n\n                                                        <\/div>\n                                                <div id=\"post-1315\" class=\"th-portfolio-item item col-md-4 col-sm-6 post-1315 mphb_room_type type-mphb_room_type status-publish format-standard has-post-thumbnail hentry mphb_room_type_facility-private-parking mphb_room_type_facility-use-of-common-room mphb_room_type_facility-wi-fi mphb-room-type-adults-1 mphb-room-type-children-0 has-taxes-and-fees\">\n\n                                                        <div class=\"th-port-card th-port-card-default\">\n                                <a href=\"https:\/\/podskalo.si\/en\/accommodation\/single-room\/\" class=\"th-port-card-link\" >                                <span class=\"th-port-card-img\">\n                                                            <img loading=\"lazy\" decoding=\"async\" width=\"605\" height=\"465\" src=\"https:\/\/podskalo.si\/wp-content\/uploads\/2022\/03\/3ka-pomanjsana-1-605x465.jpg\" class=\"img-responsive th-port-img wp-post-image\" alt=\"\" \/>                                                                    <div class=\"th-port-card-caption th-pricing-cost\"><p>from 43 \u20ac per night<\/p><\/div>                                    <\/span>\n                                    <span class=\"th-port-card-body\">\n                                      <h3 class=\"th-port-title\">Single room<\/h3>\n                                      <p class=\"th-port-sub th-else\">Room with private bathroom with shower, toilet and washbasin.<\/p>                                    <\/span>\n                                    <\/a>\n                                <\/div>\n\n                                                        <\/div>\n                        \n            <\/div>\n\n        <\/div>\n\n        \t\t<\/div>\n\t\t\t\t<\/div>\n\t\t\t\t<div class=\"elementor-element elementor-element-18d41b46 elementor-widget elementor-widget-spacer\" data-id=\"18d41b46\" data-element_type=\"widget\" data-widget_type=\"spacer.default\">\n\t\t\t\t<div class=\"elementor-widget-container\">\n\t\t\t\t\t<div class=\"elementor-spacer\">\n\t\t\t<div class=\"elementor-spacer-inner\"><\/div>\n\t\t<\/div>\n\t\t\t\t<\/div>\n\t\t\t\t<\/div>\n\t\t\t\t\t\t<\/div>\n\t\t\t\t\t<\/div>\n\t\t<\/div>\n\t\t\t\t\t\t\t\t<\/div>\n\t\t\t\t\t<\/div>\n\t\t<\/section>\n\t\t\t\t\t\t\t\t\t<\/div>\n\t\t\t<\/div>\n\t\t\t\t\t<\/div>\n\t\t","protected":false},"excerpt":{"rendered":"<p>ROOMS Family-run B&amp;B&hellip;<\/p>\n","protected":false},"author":1,"featured_media":0,"parent":0,"menu_order":0,"comment_status":"closed","ping_status":"closed","template":"","meta":{"footnotes":""},"class_list":["post-1266","page","type-page","status-publish","hentry"],"yoast_head":"<!-- This site is optimized with the Yoast SEO plugin v18.3 - https:\/\/yoast.com\/wordpress\/plugins\/seo\/ -->\n<title>Rooms - Podskalo<\/title>\n<meta name=\"description\" content=\"Dru\u017einsko vodeno podjetje Pod Skalo je nadaljevanje dolgoletne gostinske tradicije, ki se na odli\u010dni lokaciji pod Starim gradom prena\u0161a iz roda v rod.\" \/>\n<meta name=\"robots\" content=\"index, follow, max-snippet:-1, max-image-preview:large, max-video-preview:-1\" \/>\n<link rel=\"canonical\" href=\"https:\/\/podskalo.si\/en\/rooms\/\" \/>\n<meta property=\"og:locale\" content=\"en_US\" \/>\n<meta property=\"og:type\" content=\"article\" \/>\n<meta property=\"og:title\" content=\"Rooms - Podskalo\" \/>\n<meta property=\"og:description\" content=\"Dru\u017einsko vodeno podjetje Pod Skalo je nadaljevanje dolgoletne gostinske tradicije, ki se na odli\u010dni lokaciji pod Starim gradom prena\u0161a iz roda v rod.\" \/>\n<meta property=\"og:url\" content=\"https:\/\/podskalo.si\/en\/rooms\/\" \/>\n<meta property=\"og:site_name\" content=\"Podskalo\" \/>\n<meta property=\"article:publisher\" content=\"https:\/\/www.facebook.com\/pod.skalo\/\" \/>\n<meta property=\"article:modified_time\" content=\"2022-03-08T09:40:58+00:00\" \/>\n<meta property=\"og:image\" content=\"https:\/\/podskalo.staging.digitalist.si\/wp-content\/uploads\/2022\/02\/standardna-dvoposteljna-soba-605x465.jpg\" \/>\n<meta name=\"twitter:card\" content=\"summary_large_image\" \/>\n<meta name=\"twitter:label1\" content=\"Est. reading time\" \/>\n\t<meta name=\"twitter:data1\" content=\"1 minute\" \/>\n<script type=\"application\/ld+json\" class=\"yoast-schema-graph\">{\"@context\":\"https:\/\/schema.org\",\"@graph\":[{\"@type\":\"Organization\",\"@id\":\"https:\/\/podskalo.si\/#organization\",\"name\":\"Pod Skalo \u2013 B&B, Hostel in Pub\",\"url\":\"https:\/\/podskalo.si\/\",\"sameAs\":[\"https:\/\/www.facebook.com\/pod.skalo\/\",\"https:\/\/www.instagram.com\/podskalo\/\"],\"logo\":{\"@type\":\"ImageObject\",\"@id\":\"https:\/\/podskalo.si\/#logo\",\"inLanguage\":\"en-US\",\"url\":\"https:\/\/podskalo.si\/wp-content\/uploads\/2022\/02\/logo.png\",\"contentUrl\":\"https:\/\/podskalo.si\/wp-content\/uploads\/2022\/02\/logo.png\",\"width\":166,\"height\":81,\"caption\":\"Pod Skalo \u2013 B&B, Hostel in Pub\"},\"image\":{\"@id\":\"https:\/\/podskalo.si\/#logo\"}},{\"@type\":\"WebSite\",\"@id\":\"https:\/\/podskalo.si\/#website\",\"url\":\"https:\/\/podskalo.si\/\",\"name\":\"Podskalo\",\"description\":\"Preno\u010di\u0161\u010da in sobe Kamnik, hostel Pod Skalo\",\"publisher\":{\"@id\":\"https:\/\/podskalo.si\/#organization\"},\"potentialAction\":[{\"@type\":\"SearchAction\",\"target\":{\"@type\":\"EntryPoint\",\"urlTemplate\":\"https:\/\/podskalo.si\/?s={search_term_string}\"},\"query-input\":\"required name=search_term_string\"}],\"inLanguage\":\"en-US\"},{\"@type\":\"ImageObject\",\"@id\":\"https:\/\/podskalo.si\/en\/rooms\/#primaryimage\",\"inLanguage\":\"en-US\",\"url\":\"https:\/\/podskalo.staging.digitalist.si\/wp-content\/uploads\/2022\/02\/standardna-dvoposteljna-soba-605x465.jpg\",\"contentUrl\":\"https:\/\/podskalo.staging.digitalist.si\/wp-content\/uploads\/2022\/02\/standardna-dvoposteljna-soba-605x465.jpg\"},{\"@type\":\"WebPage\",\"@id\":\"https:\/\/podskalo.si\/en\/rooms\/#webpage\",\"url\":\"https:\/\/podskalo.si\/en\/rooms\/\",\"name\":\"Rooms - Podskalo\",\"isPartOf\":{\"@id\":\"https:\/\/podskalo.si\/#website\"},\"primaryImageOfPage\":{\"@id\":\"https:\/\/podskalo.si\/en\/rooms\/#primaryimage\"},\"datePublished\":\"2022-03-01T14:47:52+00:00\",\"dateModified\":\"2022-03-08T09:40:58+00:00\",\"description\":\"Dru\u017einsko vodeno podjetje Pod Skalo je nadaljevanje dolgoletne gostinske tradicije, ki se na odli\u010dni lokaciji pod Starim gradom prena\u0161a iz roda v rod.\",\"breadcrumb\":{\"@id\":\"https:\/\/podskalo.si\/en\/rooms\/#breadcrumb\"},\"inLanguage\":\"en-US\",\"potentialAction\":[{\"@type\":\"ReadAction\",\"target\":[\"https:\/\/podskalo.si\/en\/rooms\/\"]}]},{\"@type\":\"BreadcrumbList\",\"@id\":\"https:\/\/podskalo.si\/en\/rooms\/#breadcrumb\",\"itemListElement\":[{\"@type\":\"ListItem\",\"position\":1,\"name\":\"Home\",\"item\":\"https:\/\/podskalo.si\/\"},{\"@type\":\"ListItem\",\"position\":2,\"name\":\"Rooms\"}]}]}<\/script>\n<!-- \/ Yoast SEO plugin. -->","yoast_head_json":{"title":"Rooms - Podskalo","description":"Dru\u017einsko vodeno podjetje Pod Skalo je nadaljevanje dolgoletne gostinske tradicije, ki se na odli\u010dni lokaciji pod Starim gradom prena\u0161a iz roda v rod.","robots":{"index":"index","follow":"follow","max-snippet":"max-snippet:-1","max-image-preview":"max-image-preview:large","max-video-preview":"max-video-preview:-1"},"canonical":"https:\/\/podskalo.si\/en\/rooms\/","og_locale":"en_US","og_type":"article","og_title":"Rooms - Podskalo","og_description":"Dru\u017einsko vodeno podjetje Pod Skalo je nadaljevanje dolgoletne gostinske tradicije, ki se na odli\u010dni lokaciji pod Starim gradom prena\u0161a iz roda v rod.","og_url":"https:\/\/podskalo.si\/en\/rooms\/","og_site_name":"Podskalo","article_publisher":"https:\/\/www.facebook.com\/pod.skalo\/","article_modified_time":"2022-03-08T09:40:58+00:00","og_image":[{"url":"https:\/\/podskalo.staging.digitalist.si\/wp-content\/uploads\/2022\/02\/standardna-dvoposteljna-soba-605x465.jpg"}],"twitter_card":"summary_large_image","twitter_misc":{"Est. reading time":"1 minute"},"schema":{"@context":"https:\/\/schema.org","@graph":[{"@type":"Organization","@id":"https:\/\/podskalo.si\/#organization","name":"Pod Skalo \u2013 B&B, Hostel in Pub","url":"https:\/\/podskalo.si\/","sameAs":["https:\/\/www.facebook.com\/pod.skalo\/","https:\/\/www.instagram.com\/podskalo\/"],"logo":{"@type":"ImageObject","@id":"https:\/\/podskalo.si\/#logo","inLanguage":"en-US","url":"https:\/\/podskalo.si\/wp-content\/uploads\/2022\/02\/logo.png","contentUrl":"https:\/\/podskalo.si\/wp-content\/uploads\/2022\/02\/logo.png","width":166,"height":81,"caption":"Pod Skalo \u2013 B&B, Hostel in Pub"},"image":{"@id":"https:\/\/podskalo.si\/#logo"}},{"@type":"WebSite","@id":"https:\/\/podskalo.si\/#website","url":"https:\/\/podskalo.si\/","name":"Podskalo","description":"Preno\u010di\u0161\u010da in sobe Kamnik, hostel Pod Skalo","publisher":{"@id":"https:\/\/podskalo.si\/#organization"},"potentialAction":[{"@type":"SearchAction","target":{"@type":"EntryPoint","urlTemplate":"https:\/\/podskalo.si\/?s={search_term_string}"},"query-input":"required name=search_term_string"}],"inLanguage":"en-US"},{"@type":"ImageObject","@id":"https:\/\/podskalo.si\/en\/rooms\/#primaryimage","inLanguage":"en-US","url":"https:\/\/podskalo.staging.digitalist.si\/wp-content\/uploads\/2022\/02\/standardna-dvoposteljna-soba-605x465.jpg","contentUrl":"https:\/\/podskalo.staging.digitalist.si\/wp-content\/uploads\/2022\/02\/standardna-dvoposteljna-soba-605x465.jpg"},{"@type":"WebPage","@id":"https:\/\/podskalo.si\/en\/rooms\/#webpage","url":"https:\/\/podskalo.si\/en\/rooms\/","name":"Rooms - Podskalo","isPartOf":{"@id":"https:\/\/podskalo.si\/#website"},"primaryImageOfPage":{"@id":"https:\/\/podskalo.si\/en\/rooms\/#primaryimage"},"datePublished":"2022-03-01T14:47:52+00:00","dateModified":"2022-03-08T09:40:58+00:00","description":"Dru\u017einsko vodeno podjetje Pod Skalo je nadaljevanje dolgoletne gostinske tradicije, ki se na odli\u010dni lokaciji pod Starim gradom prena\u0161a iz roda v rod.","breadcrumb":{"@id":"https:\/\/podskalo.si\/en\/rooms\/#breadcrumb"},"inLanguage":"en-US","potentialAction":[{"@type":"ReadAction","target":["https:\/\/podskalo.si\/en\/rooms\/"]}]},{"@type":"BreadcrumbList","@id":"https:\/\/podskalo.si\/en\/rooms\/#breadcrumb","itemListElement":[{"@type":"ListItem","position":1,"name":"Home","item":"https:\/\/podskalo.si\/"},{"@type":"ListItem","position":2,"name":"Rooms"}]}]}},"_links":{"self":[{"href":"https:\/\/podskalo.si\/en\/wp-json\/wp\/v2\/pages\/1266","targetHints":{"allow":["GET"]}}],"collection":[{"href":"https:\/\/podskalo.si\/en\/wp-json\/wp\/v2\/pages"}],"about":[{"href":"https:\/\/podskalo.si\/en\/wp-json\/wp\/v2\/types\/page"}],"author":[{"embeddable":true,"href":"https:\/\/podskalo.si\/en\/wp-json\/wp\/v2\/users\/1"}],"replies":[{"embeddable":true,"href":"https:\/\/podskalo.si\/en\/wp-json\/wp\/v2\/comments?post=1266"}],"version-history":[{"count":1,"href":"https:\/\/podskalo.si\/en\/wp-json\/wp\/v2\/pages\/1266\/revisions"}],"predecessor-version":[{"id":1267,"href":"https:\/\/podskalo.si\/en\/wp-json\/wp\/v2\/pages\/1266\/revisions\/1267"}],"wp:attachment":[{"href":"https:\/\/podskalo.si\/en\/wp-json\/wp\/v2\/media?parent=1266"}],"curies":[{"name":"wp","href":"https:\/\/api.w.org\/{rel}","templated":true}]}}