{"id":1268,"date":"2022-03-01T14:46:28","date_gmt":"2022-03-01T13:46:28","guid":{"rendered":"https:\/\/podskalo.staging.digitalist.si\/check-availability\/"},"modified":"2022-12-07T08:28:29","modified_gmt":"2022-12-07T07:28:29","slug":"check-availability","status":"publish","type":"page","link":"https:\/\/podskalo.si\/en\/check-availability\/","title":{"rendered":"Check availability"},"content":{"rendered":"\t\t<div data-elementor-type=\"wp-page\" data-elementor-id=\"1268\" class=\"elementor elementor-1268 elementor-793\">\n\t\t\t\t\t\t<div class=\"elementor-inner\">\n\t\t\t\t<div class=\"elementor-section-wrap\">\n\t\t\t\t\t\t\t\t\t<section class=\"elementor-section elementor-top-section elementor-element elementor-element-abd3443 elementor-section-boxed elementor-section-height-default elementor-section-height-default\" data-id=\"abd3443\" data-element_type=\"section\">\n\t\t\t\t\t\t<div class=\"elementor-container elementor-column-gap-default\">\n\t\t\t\t\t\t\t<div class=\"elementor-row\">\n\t\t\t\t\t<div class=\"elementor-column elementor-col-100 elementor-top-column elementor-element elementor-element-88fe20f\" data-id=\"88fe20f\" data-element_type=\"column\">\n\t\t\t<div class=\"elementor-column-wrap elementor-element-populated\">\n\t\t\t\t\t\t\t<div class=\"elementor-widget-wrap\">\n\t\t\t\t\t\t<div class=\"elementor-element elementor-element-d13870c elementor-hidden-desktop elementor-hidden-tablet elementor-hidden-mobile elementor-widget elementor-widget-themo-mphb-search-form\" data-id=\"d13870c\" data-element_type=\"widget\" data-widget_type=\"themo-mphb-search-form.default\">\n\t\t\t\t<div class=\"elementor-widget-container\">\n\t\t\t        <div class=\"th-fo-form  th-centered th-form-stacked  th-btn-form btn-standard-primary-form\"><div class=\"mphb_sc_search-wrapper  frm_forms with_frm_style\"><form method=\"GET\" class=\"mphb_sc_search-form\" action=\"https:\/\/podskalo.si\/en\/rezultati-iskanja\/\">\n\n\t<p class = \"mphb-required-fields-tip\">\n\t<small>\n\t\tRequired fields are followed by\t\t<abbr title=\"required\">*<\/abbr>\n\t<\/small>\n<\/p>\n\t<p class=\"mphb_sc_search-check-in-date frm_form_field\">\n\t\t<label for=\"mphb_check_in_date-mphb-search-form-69e462cd1164f\">\n\t\t\tCheck-in\t\t\t<abbr title=\"Formatted as dd.mm.yyyy\">*<\/abbr>\n\t\t<\/label>\n\t\t<br \/>\n\t\t<input\n\t\t\tid=\"mphb_check_in_date-mphb-search-form-69e462cd1164f\"\n\t\t\tdata-datepick-group=\"mphb-search-form-69e462cd1164f\"\n\t\t\tvalue=\"\"\n\t\t\tplaceholder=\"Check-in Date\"\n\t\t\trequired=\"required\"\n\t\t\ttype=\"text\"\n\t\t\tinputmode=\"none\"\n\t\t\tname=\"mphb_check_in_date\"\n\t\t\tclass=\"mphb-datepick\"\n\t\t\tautocomplete=\"off\"\n\t\t\t\/>\n\t<\/p>\n\n\t<p class=\"mphb_sc_search-check-out-date frm_form_field\">\n\t\t<label for=\"mphb_check_out_date-mphb-search-form-69e462cd1164f\">\n\t\t\tCheck-out\t\t\t<abbr title=\"Formatted as dd.mm.yyyy\">*<\/abbr>\n\t\t<\/label>\n\t\t<br \/>\n\t\t<input\n\t\t\tid=\"mphb_check_out_date-mphb-search-form-69e462cd1164f\"\n\t\t\tdata-datepick-group=\"mphb-search-form-69e462cd1164f\"\n\t\t\tvalue=\"\"\n\t\t\tplaceholder=\"Check-out Date\"\n\t\t\trequired=\"required\"\n\t\t\ttype=\"text\"\n\t\t\tinputmode=\"none\"\n\t\t\tname=\"mphb_check_out_date\"\n\t\t\tclass=\"mphb-datepick\"\n\t\t\tautocomplete=\"off\"\n\t\t\t\/>\n\t<\/p>\n\n\t\t\t<p class=\"mphb_sc_search-adults frm_form_field\">\n\t\t\t<label for=\"mphb_adults-mphb-search-form-69e462cd1164f\">\n\t\t\t\tGuests\t\t\t<\/label>\n\t\t\t<br \/>\n\t\t\t<select id=\"mphb_adults-mphb-search-form-69e462cd1164f\" name=\"mphb_adults\" >\n\t\t\t\t\t\t\t\t\t<option value=\"1\" >1<\/option>\n\t\t\t\t\t\t\t\t\t<option value=\"2\"  selected='selected'>2<\/option>\n\t\t\t\t\t\t\t\t\t<option value=\"3\" >3<\/option>\n\t\t\t\t\t\t\t\t\t<option value=\"4\" >4<\/option>\n\t\t\t\t\t\t\t\t\t<option value=\"5\" >5<\/option>\n\t\t\t\t\t\t\t\t\t<option value=\"6\" >6<\/option>\n\t\t\t\t\t\t\t\t\t<option value=\"7\" >7<\/option>\n\t\t\t\t\t\t\t\t\t<option value=\"8\" >8<\/option>\n\t\t\t\t\t\t\t\t\t<option value=\"9\" >9<\/option>\n\t\t\t\t\t\t\t\t\t<option value=\"10\" >10<\/option>\n\t\t\t\t\t\t\t<\/select>\n\t\t<\/p>\n\t\n\t\t\t<input type=\"hidden\" id=\"mphb_children-mphb-search-form-69e462cd1164f\" name=\"mphb_children\" value=\"0\" \/>\n\t\n\t\n\t\n\t<input id=\"mphb_check_in_date-mphb-search-form-69e462cd1164f-hidden\" value=\"\" type=\"hidden\" name=\"mphb_check_in_date\" \/><input id=\"mphb_check_out_date-mphb-search-form-69e462cd1164f-hidden\" value=\"\" type=\"hidden\" name=\"mphb_check_out_date\" \/>\n\t<p class=\"mphb_sc_search-submit-button-wrapper frm_submit\">\n\t\t<input type=\"submit\" class=\"button\" value=\"Search\"\/>\n\t<\/p>\n\n\t\n<\/form>\n<\/div><\/div>\n        \t\t<\/div>\n\t\t\t\t<\/div>\n\t\t\t\t<div class=\"elementor-element elementor-element-7f747c6 elementor-widget elementor-widget-text-editor\" data-id=\"7f747c6\" data-element_type=\"widget\" data-widget_type=\"text-editor.default\">\n\t\t\t\t<div class=\"elementor-widget-container\">\n\t\t\t\t\t\t\t\t<div class=\"elementor-text-editor elementor-clearfix\">\n\t\t\t\t<p><script src=\"\/\/www.bentral.com\/service\/embed\/booking.js?id=5f7a49334d515f4d&#038;width=full&#038;key=910c422d5a497004bb9e75788b2c3959\"><\/script><\/p>\n\t\t\t\t\t<\/div>\n\t\t\t\t\t\t<\/div>\n\t\t\t\t<\/div>\n\t\t\t\t\t\t<\/div>\n\t\t\t\t\t<\/div>\n\t\t<\/div>\n\t\t\t\t\t\t\t\t<\/div>\n\t\t\t\t\t<\/div>\n\t\t<\/section>\n\t\t\t\t\t\t\t\t\t<\/div>\n\t\t\t<\/div>\n\t\t\t\t\t<\/div>\n\t\t","protected":false},"excerpt":{"rendered":"","protected":false},"author":1,"featured_media":0,"parent":0,"menu_order":0,"comment_status":"closed","ping_status":"closed","template":"","meta":{"footnotes":""},"class_list":["post-1268","page","type-page","status-publish","hentry"],"yoast_head":"<!-- This site is optimized with the Yoast SEO plugin v18.3 - https:\/\/yoast.com\/wordpress\/plugins\/seo\/ -->\n<title>Check availability - Podskalo<\/title>\n<meta name=\"description\" content=\"Dru\u017einsko vodeno podjetje Pod Skalo je nadaljevanje dolgoletne gostinske tradicije, ki se na odli\u010dni lokaciji pod Starim gradom prena\u0161a iz roda v rod.\" \/>\n<meta name=\"robots\" content=\"index, follow, max-snippet:-1, max-image-preview:large, max-video-preview:-1\" \/>\n<link rel=\"canonical\" href=\"https:\/\/podskalo.si\/razpolozljivost\/\" \/>\n<meta property=\"og:locale\" content=\"en_US\" \/>\n<meta property=\"og:type\" content=\"article\" \/>\n<meta property=\"og:title\" content=\"Check availability - Podskalo\" \/>\n<meta property=\"og:description\" content=\"Dru\u017einsko vodeno podjetje Pod Skalo je nadaljevanje dolgoletne gostinske tradicije, ki se na odli\u010dni lokaciji pod Starim gradom prena\u0161a iz roda v rod.\" \/>\n<meta property=\"og:url\" content=\"https:\/\/podskalo.si\/razpolozljivost\/\" \/>\n<meta property=\"og:site_name\" content=\"Podskalo\" \/>\n<meta property=\"article:publisher\" content=\"https:\/\/www.facebook.com\/pod.skalo\/\" \/>\n<meta property=\"article:modified_time\" content=\"2022-12-07T07:28:29+00:00\" \/>\n<meta name=\"twitter:card\" content=\"summary_large_image\" \/>\n<script type=\"application\/ld+json\" class=\"yoast-schema-graph\">{\"@context\":\"https:\/\/schema.org\",\"@graph\":[{\"@type\":\"Organization\",\"@id\":\"https:\/\/podskalo.si\/#organization\",\"name\":\"Pod Skalo \u2013 B&B, Hostel in Pub\",\"url\":\"https:\/\/podskalo.si\/\",\"sameAs\":[\"https:\/\/www.facebook.com\/pod.skalo\/\",\"https:\/\/www.instagram.com\/podskalo\/\"],\"logo\":{\"@type\":\"ImageObject\",\"@id\":\"https:\/\/podskalo.si\/#logo\",\"inLanguage\":\"en-US\",\"url\":\"https:\/\/podskalo.si\/wp-content\/uploads\/2022\/02\/logo.png\",\"contentUrl\":\"https:\/\/podskalo.si\/wp-content\/uploads\/2022\/02\/logo.png\",\"width\":166,\"height\":81,\"caption\":\"Pod Skalo \u2013 B&B, Hostel in Pub\"},\"image\":{\"@id\":\"https:\/\/podskalo.si\/#logo\"}},{\"@type\":\"WebSite\",\"@id\":\"https:\/\/podskalo.si\/#website\",\"url\":\"https:\/\/podskalo.si\/\",\"name\":\"Podskalo\",\"description\":\"Preno\u010di\u0161\u010da in sobe Kamnik, hostel Pod Skalo\",\"publisher\":{\"@id\":\"https:\/\/podskalo.si\/#organization\"},\"potentialAction\":[{\"@type\":\"SearchAction\",\"target\":{\"@type\":\"EntryPoint\",\"urlTemplate\":\"https:\/\/podskalo.si\/?s={search_term_string}\"},\"query-input\":\"required name=search_term_string\"}],\"inLanguage\":\"en-US\"},{\"@type\":\"WebPage\",\"@id\":\"https:\/\/podskalo.si\/razpolozljivost\/#webpage\",\"url\":\"https:\/\/podskalo.si\/razpolozljivost\/\",\"name\":\"Check availability - Podskalo\",\"isPartOf\":{\"@id\":\"https:\/\/podskalo.si\/#website\"},\"datePublished\":\"2022-03-01T13:46:28+00:00\",\"dateModified\":\"2022-12-07T07:28:29+00:00\",\"description\":\"Dru\u017einsko vodeno podjetje Pod Skalo je nadaljevanje dolgoletne gostinske tradicije, ki se na odli\u010dni lokaciji pod Starim gradom prena\u0161a iz roda v rod.\",\"breadcrumb\":{\"@id\":\"https:\/\/podskalo.si\/razpolozljivost\/#breadcrumb\"},\"inLanguage\":\"en-US\",\"potentialAction\":[{\"@type\":\"ReadAction\",\"target\":[\"https:\/\/podskalo.si\/razpolozljivost\/\"]}]},{\"@type\":\"BreadcrumbList\",\"@id\":\"https:\/\/podskalo.si\/razpolozljivost\/#breadcrumb\",\"itemListElement\":[{\"@type\":\"ListItem\",\"position\":1,\"name\":\"Home\",\"item\":\"https:\/\/podskalo.si\/\"},{\"@type\":\"ListItem\",\"position\":2,\"name\":\"Check availability\"}]}]}<\/script>\n<!-- \/ Yoast SEO plugin. -->","yoast_head_json":{"title":"Check availability - Podskalo","description":"Dru\u017einsko vodeno podjetje Pod Skalo je nadaljevanje dolgoletne gostinske tradicije, ki se na odli\u010dni lokaciji pod Starim gradom prena\u0161a iz roda v rod.","robots":{"index":"index","follow":"follow","max-snippet":"max-snippet:-1","max-image-preview":"max-image-preview:large","max-video-preview":"max-video-preview:-1"},"canonical":"https:\/\/podskalo.si\/razpolozljivost\/","og_locale":"en_US","og_type":"article","og_title":"Check availability - Podskalo","og_description":"Dru\u017einsko vodeno podjetje Pod Skalo je nadaljevanje dolgoletne gostinske tradicije, ki se na odli\u010dni lokaciji pod Starim gradom prena\u0161a iz roda v rod.","og_url":"https:\/\/podskalo.si\/razpolozljivost\/","og_site_name":"Podskalo","article_publisher":"https:\/\/www.facebook.com\/pod.skalo\/","article_modified_time":"2022-12-07T07:28:29+00:00","twitter_card":"summary_large_image","schema":{"@context":"https:\/\/schema.org","@graph":[{"@type":"Organization","@id":"https:\/\/podskalo.si\/#organization","name":"Pod Skalo \u2013 B&B, Hostel in Pub","url":"https:\/\/podskalo.si\/","sameAs":["https:\/\/www.facebook.com\/pod.skalo\/","https:\/\/www.instagram.com\/podskalo\/"],"logo":{"@type":"ImageObject","@id":"https:\/\/podskalo.si\/#logo","inLanguage":"en-US","url":"https:\/\/podskalo.si\/wp-content\/uploads\/2022\/02\/logo.png","contentUrl":"https:\/\/podskalo.si\/wp-content\/uploads\/2022\/02\/logo.png","width":166,"height":81,"caption":"Pod Skalo \u2013 B&B, Hostel in Pub"},"image":{"@id":"https:\/\/podskalo.si\/#logo"}},{"@type":"WebSite","@id":"https:\/\/podskalo.si\/#website","url":"https:\/\/podskalo.si\/","name":"Podskalo","description":"Preno\u010di\u0161\u010da in sobe Kamnik, hostel Pod Skalo","publisher":{"@id":"https:\/\/podskalo.si\/#organization"},"potentialAction":[{"@type":"SearchAction","target":{"@type":"EntryPoint","urlTemplate":"https:\/\/podskalo.si\/?s={search_term_string}"},"query-input":"required name=search_term_string"}],"inLanguage":"en-US"},{"@type":"WebPage","@id":"https:\/\/podskalo.si\/razpolozljivost\/#webpage","url":"https:\/\/podskalo.si\/razpolozljivost\/","name":"Check availability - Podskalo","isPartOf":{"@id":"https:\/\/podskalo.si\/#website"},"datePublished":"2022-03-01T13:46:28+00:00","dateModified":"2022-12-07T07:28:29+00:00","description":"Dru\u017einsko vodeno podjetje Pod Skalo je nadaljevanje dolgoletne gostinske tradicije, ki se na odli\u010dni lokaciji pod Starim gradom prena\u0161a iz roda v rod.","breadcrumb":{"@id":"https:\/\/podskalo.si\/razpolozljivost\/#breadcrumb"},"inLanguage":"en-US","potentialAction":[{"@type":"ReadAction","target":["https:\/\/podskalo.si\/razpolozljivost\/"]}]},{"@type":"BreadcrumbList","@id":"https:\/\/podskalo.si\/razpolozljivost\/#breadcrumb","itemListElement":[{"@type":"ListItem","position":1,"name":"Home","item":"https:\/\/podskalo.si\/"},{"@type":"ListItem","position":2,"name":"Check availability"}]}]}},"_links":{"self":[{"href":"https:\/\/podskalo.si\/en\/wp-json\/wp\/v2\/pages\/1268","targetHints":{"allow":["GET"]}}],"collection":[{"href":"https:\/\/podskalo.si\/en\/wp-json\/wp\/v2\/pages"}],"about":[{"href":"https:\/\/podskalo.si\/en\/wp-json\/wp\/v2\/types\/page"}],"author":[{"embeddable":true,"href":"https:\/\/podskalo.si\/en\/wp-json\/wp\/v2\/users\/1"}],"replies":[{"embeddable":true,"href":"https:\/\/podskalo.si\/en\/wp-json\/wp\/v2\/comments?post=1268"}],"version-history":[{"count":2,"href":"https:\/\/podskalo.si\/en\/wp-json\/wp\/v2\/pages\/1268\/revisions"}],"predecessor-version":[{"id":2545,"href":"https:\/\/podskalo.si\/en\/wp-json\/wp\/v2\/pages\/1268\/revisions\/2545"}],"wp:attachment":[{"href":"https:\/\/podskalo.si\/en\/wp-json\/wp\/v2\/media?parent=1268"}],"curies":[{"name":"wp","href":"https:\/\/api.w.org\/{rel}","templated":true}]}}