{"id":1276,"date":"2022-02-16T13:46:42","date_gmt":"2022-02-16T12:46:42","guid":{"rendered":"https:\/\/podskalo.staging.digitalist.si\/location\/"},"modified":"2022-03-08T11:18:30","modified_gmt":"2022-03-08T10:18:30","slug":"location","status":"publish","type":"page","link":"https:\/\/podskalo.si\/en\/location\/","title":{"rendered":"Location"},"content":{"rendered":"\t\t<div data-elementor-type=\"wp-page\" data-elementor-id=\"1276\" class=\"elementor elementor-1276 elementor-335\">\n\t\t\t\t\t\t<div class=\"elementor-inner\">\n\t\t\t\t<div class=\"elementor-section-wrap\">\n\t\t\t\t\t\t\t\t\t<section class=\"elementor-section elementor-top-section elementor-element elementor-element-1af233b9 elementor-section-full_width elementor-section-height-min-height elementor-section-height-default elementor-section-items-middle\" data-id=\"1af233b9\" data-element_type=\"section\" data-settings=\"{&quot;background_background&quot;:&quot;classic&quot;}\">\n\t\t\t\t\t\t\t<div class=\"elementor-background-overlay\"><\/div>\n\t\t\t\t\t\t\t<div class=\"elementor-container elementor-column-gap-default\">\n\t\t\t\t\t\t\t<div class=\"elementor-row\">\n\t\t\t\t\t<div class=\"elementor-column elementor-col-100 elementor-top-column elementor-element elementor-element-4a209b21\" data-id=\"4a209b21\" data-element_type=\"column\">\n\t\t\t<div class=\"elementor-column-wrap elementor-element-populated\">\n\t\t\t\t\t\t\t<div class=\"elementor-widget-wrap\">\n\t\t\t\t\t\t<div class=\"elementor-element elementor-element-4c8c9486 elementor-widget elementor-widget-spacer\" data-id=\"4c8c9486\" data-element_type=\"widget\" data-widget_type=\"spacer.default\">\n\t\t\t\t<div class=\"elementor-widget-container\">\n\t\t\t\t\t<div class=\"elementor-spacer\">\n\t\t\t<div class=\"elementor-spacer-inner\"><\/div>\n\t\t<\/div>\n\t\t\t\t<\/div>\n\t\t\t\t<\/div>\n\t\t\t\t<div class=\"elementor-element elementor-element-6688835f elementor-view-default elementor-position-top elementor-invisible elementor-widget elementor-widget-themo-header\" data-id=\"6688835f\" data-element_type=\"widget\" data-settings=\"{&quot;_animation&quot;:&quot;fadeIn&quot;}\" data-widget_type=\"themo-header.default\">\n\t\t\t\t<div class=\"elementor-widget-container\">\n\t\t\t\t\t<div class=\"th-header-wrap\">\n        <div class=\"elementor-icon-box-wrapper \">\n                            <div class=\"elementor-icon-box-content\">\n                    <h1 class=\"elementor-icon-box-title\">\n                        Location                    <\/h1>\n                                        <p class=\"elementor-icon-box-description\"><\/p>\n\n                                    <\/div>\n            <\/div>\n\n        <\/div>\n\n\t\t\t\t<\/div>\n\t\t\t\t<\/div>\n\t\t\t\t\t\t<\/div>\n\t\t\t\t\t<\/div>\n\t\t<\/div>\n\t\t\t\t\t\t\t\t<\/div>\n\t\t\t\t\t<\/div>\n\t\t<\/section>\n\t\t\t\t<section class=\"elementor-section elementor-top-section elementor-element elementor-element-544c340 elementor-section-full_width elementor-section-height-default elementor-section-height-default\" data-id=\"544c340\" data-element_type=\"section\">\n\t\t\t\t\t\t<div class=\"elementor-container elementor-column-gap-no\">\n\t\t\t\t\t\t\t<div class=\"elementor-row\">\n\t\t\t\t\t<div class=\"elementor-column elementor-col-100 elementor-top-column elementor-element elementor-element-45eda51\" data-id=\"45eda51\" data-element_type=\"column\">\n\t\t\t<div class=\"elementor-column-wrap elementor-element-populated\">\n\t\t\t\t\t\t\t<div class=\"elementor-widget-wrap\">\n\t\t\t\t\t\t<div class=\"elementor-element elementor-element-f2ef348 elementor-widget elementor-widget-google_maps\" data-id=\"f2ef348\" data-element_type=\"widget\" data-widget_type=\"google_maps.default\">\n\t\t\t\t<div class=\"elementor-widget-container\">\n\t\t\t\t\t<div class=\"elementor-custom-embed\">\n\t\t\t<iframe loading=\"lazy\"\n\t\t\t\t\tsrc=\"https:\/\/maps.google.com\/maps?q=Maistrova%20ulica%2032%20Maistrova%20ulica%2032%2C%201241%20Kamnik&#038;t=m&#038;z=16&#038;output=embed&#038;iwloc=near\"\n\t\t\t\t\ttitle=\"Maistrova ulica 32 Maistrova ulica 32, 1241 Kamnik\"\n\t\t\t\t\taria-label=\"Maistrova ulica 32 Maistrova ulica 32, 1241 Kamnik\"\n\t\t\t><\/iframe>\n\t\t<\/div>\n\t\t\t\t<\/div>\n\t\t\t\t<\/div>\n\t\t\t\t<div class=\"elementor-element elementor-element-a832204 elementor-widget elementor-widget-spacer\" data-id=\"a832204\" data-element_type=\"widget\" data-widget_type=\"spacer.default\">\n\t\t\t\t<div class=\"elementor-widget-container\">\n\t\t\t\t\t<div class=\"elementor-spacer\">\n\t\t\t<div class=\"elementor-spacer-inner\"><\/div>\n\t\t<\/div>\n\t\t\t\t<\/div>\n\t\t\t\t<\/div>\n\t\t\t\t\t\t<\/div>\n\t\t\t\t\t<\/div>\n\t\t<\/div>\n\t\t\t\t\t\t\t\t<\/div>\n\t\t\t\t\t<\/div>\n\t\t<\/section>\n\t\t\t\t<section class=\"elementor-section elementor-top-section elementor-element elementor-element-9c9a384 elementor-section-boxed elementor-section-height-default elementor-section-height-default\" data-id=\"9c9a384\" data-element_type=\"section\">\n\t\t\t\t\t\t<div class=\"elementor-container elementor-column-gap-default\">\n\t\t\t\t\t\t\t<div class=\"elementor-row\">\n\t\t\t\t\t<div class=\"elementor-column elementor-col-33 elementor-top-column elementor-element elementor-element-e262e63\" data-id=\"e262e63\" data-element_type=\"column\">\n\t\t\t<div class=\"elementor-column-wrap elementor-element-populated\">\n\t\t\t\t\t\t\t<div class=\"elementor-widget-wrap\">\n\t\t\t\t\t\t<div class=\"elementor-element elementor-element-c4ec4bc elementor-widget elementor-widget-text-editor\" data-id=\"c4ec4bc\" data-element_type=\"widget\" data-widget_type=\"text-editor.default\">\n\t\t\t\t<div class=\"elementor-widget-container\">\n\t\t\t\t\t\t\t\t<div class=\"elementor-text-editor elementor-clearfix\">\n\t\t\t\t<strong>Pod Skalo &#8211; B&amp;B, Hostel and Pub<\/strong>\r\n32 Maistrova Ulica, 1241 Kamnik, Slovenia\r\nPhone: <a href=\"tel:0038618391233\">+386 1 83 91 233<\/a>\r\nMobile: <a href=\"tel:0038631521365\">+386 31 521 365<\/a>\r\nEmail: <a href=\"mailto:info@podskalo.si\">info@podskalo.si<\/a>\t\t\t\t\t<\/div>\n\t\t\t\t\t\t<\/div>\n\t\t\t\t<\/div>\n\t\t\t\t\t\t<\/div>\n\t\t\t\t\t<\/div>\n\t\t<\/div>\n\t\t\t\t<div class=\"elementor-column elementor-col-66 elementor-top-column elementor-element elementor-element-911463d\" data-id=\"911463d\" data-element_type=\"column\">\n\t\t\t<div class=\"elementor-column-wrap elementor-element-populated\">\n\t\t\t\t\t\t\t<div class=\"elementor-widget-wrap\">\n\t\t\t\t\t\t<div class=\"elementor-element elementor-element-ebb9ed7 elementor-widget elementor-widget-text-editor\" data-id=\"ebb9ed7\" data-element_type=\"widget\" data-widget_type=\"text-editor.default\">\n\t\t\t\t<div class=\"elementor-widget-container\">\n\t\t\t\t\t\t\t\t<div class=\"elementor-text-editor elementor-clearfix\">\n\t\t\t\t<strong>Our location<\/strong>\t\t\t\t\t<\/div>\n\t\t\t\t\t\t<\/div>\n\t\t\t\t<\/div>\n\t\t\t\t<div class=\"elementor-element elementor-element-72732d5 elementor-icon-list--layout-traditional elementor-list-item-link-full_width elementor-widget elementor-widget-icon-list\" data-id=\"72732d5\" data-element_type=\"widget\" data-widget_type=\"icon-list.default\">\n\t\t\t\t<div class=\"elementor-widget-container\">\n\t\t\t\t\t<ul class=\"elementor-icon-list-items\">\n\t\t\t\t\t\t\t<li class=\"elementor-icon-list-item\">\n\t\t\t\t\t\t\t\t\t\t\t<span class=\"elementor-icon-list-icon\">\n\t\t\t\t\t\t\t<i aria-hidden=\"true\" class=\"fas fa-circle\"><\/i>\t\t\t\t\t\t<\/span>\n\t\t\t\t\t\t\t\t\t\t<span class=\"elementor-icon-list-text\">situated in the heart of Slovenia, only 23 kilometres from Ljubljana and 15 kilometres from Slovenia's main airport Ljubljana (Airport Jo\u017ee Pu\u010dnik at Brnik)<\/span>\n\t\t\t\t\t\t\t\t\t<\/li>\n\t\t\t\t\t\t\t\t<li class=\"elementor-icon-list-item\">\n\t\t\t\t\t\t\t\t\t\t\t<span class=\"elementor-icon-list-icon\">\n\t\t\t\t\t\t\t<i aria-hidden=\"true\" class=\"fas fa-circle\"><\/i>\t\t\t\t\t\t<\/span>\n\t\t\t\t\t\t\t\t\t\t<span class=\"elementor-icon-list-text\">along the traffic linkage Ljubljana \u2013 Celje<\/span>\n\t\t\t\t\t\t\t\t\t<\/li>\n\t\t\t\t\t\t\t\t<li class=\"elementor-icon-list-item\">\n\t\t\t\t\t\t\t\t\t\t\t<span class=\"elementor-icon-list-icon\">\n\t\t\t\t\t\t\t<i aria-hidden=\"true\" class=\"fas fa-circle\"><\/i>\t\t\t\t\t\t<\/span>\n\t\t\t\t\t\t\t\t\t\t<span class=\"elementor-icon-list-text\">a 5 minute walk from the old town of Kamnik (connected with Ljubljana by bus and by train)<\/span>\n\t\t\t\t\t\t\t\t\t<\/li>\n\t\t\t\t\t\t\t\t<li class=\"elementor-icon-list-item\">\n\t\t\t\t\t\t\t\t\t\t\t<span class=\"elementor-icon-list-icon\">\n\t\t\t\t\t\t\t<i aria-hidden=\"true\" class=\"fas fa-circle\"><\/i>\t\t\t\t\t\t<\/span>\n\t\t\t\t\t\t\t\t\t\t<span class=\"elementor-icon-list-text\"> 10 km from Velika planina, 7 km from Terme Snovik and 5 km from Arboretum Vol\u010dji potok<\/span>\n\t\t\t\t\t\t\t\t\t<\/li>\n\t\t\t\t\t\t\t\t<li class=\"elementor-icon-list-item\">\n\t\t\t\t\t\t\t\t\t\t\t<span class=\"elementor-icon-list-icon\">\n\t\t\t\t\t\t\t<i aria-hidden=\"true\" class=\"fas fa-circle\"><\/i>\t\t\t\t\t\t<\/span>\n\t\t\t\t\t\t\t\t\t\t<span class=\"elementor-icon-list-text\">at Kamnik Sports Centre (swimming pool, tennis courts, beach volley courts are just across the road and nearest hiking trails start at our parking lot)<\/span>\n\t\t\t\t\t\t\t\t\t<\/li>\n\t\t\t\t\t\t\t\t<li class=\"elementor-icon-list-item\">\n\t\t\t\t\t\t\t\t\t\t\t<span class=\"elementor-icon-list-icon\">\n\t\t\t\t\t\t\t<i aria-hidden=\"true\" class=\"fas fa-circle\"><\/i>\t\t\t\t\t\t<\/span>\n\t\t\t\t\t\t\t\t\t\t<span class=\"elementor-icon-list-text\">below the northern slope of Kamnik Old Castle<\/span>\n\t\t\t\t\t\t\t\t\t<\/li>\n\t\t\t\t\t\t\t\t<li class=\"elementor-icon-list-item\">\n\t\t\t\t\t\t\t\t\t\t\t<span class=\"elementor-icon-list-icon\">\n\t\t\t\t\t\t\t<i aria-hidden=\"true\" class=\"fas fa-circle\"><\/i>\t\t\t\t\t\t<\/span>\n\t\t\t\t\t\t\t\t\t\t<span class=\"elementor-icon-list-text\">46.227288, 14.619331<\/span>\n\t\t\t\t\t\t\t\t\t<\/li>\n\t\t\t\t\t\t<\/ul>\n\t\t\t\t<\/div>\n\t\t\t\t<\/div>\n\t\t\t\t<div class=\"elementor-element elementor-element-2ba0e9b elementor-widget elementor-widget-spacer\" data-id=\"2ba0e9b\" data-element_type=\"widget\" data-widget_type=\"spacer.default\">\n\t\t\t\t<div class=\"elementor-widget-container\">\n\t\t\t\t\t<div class=\"elementor-spacer\">\n\t\t\t<div class=\"elementor-spacer-inner\"><\/div>\n\t\t<\/div>\n\t\t\t\t<\/div>\n\t\t\t\t<\/div>\n\t\t\t\t\t\t<\/div>\n\t\t\t\t\t<\/div>\n\t\t<\/div>\n\t\t\t\t\t\t\t\t<\/div>\n\t\t\t\t\t<\/div>\n\t\t<\/section>\n\t\t\t\t\t\t\t\t\t<\/div>\n\t\t\t<\/div>\n\t\t\t\t\t<\/div>\n\t\t","protected":false},"excerpt":{"rendered":"<p>Location Pod Skalo &#8211; B&amp;B, Hostel and Pub 32 Maistrova Ulica, 1241 Kamnik, Slovenia Phone: +386 1 83 91 233 Mobile: +386 31 521 365 Email: info@podskalo.siOur location situated in the heart of Slovenia, only 23 kilometres from Ljubljana and &hellip; <a href=\"https:\/\/podskalo.si\/en\/location\/\">Read More<\/a><\/p>\n","protected":false},"author":1,"featured_media":0,"parent":0,"menu_order":0,"comment_status":"closed","ping_status":"closed","template":"","meta":{"footnotes":""},"class_list":["post-1276","page","type-page","status-publish","hentry"],"yoast_head":"<!-- This site is optimized with the Yoast SEO plugin v18.3 - https:\/\/yoast.com\/wordpress\/plugins\/seo\/ -->\n<title>Location - Podskalo<\/title>\n<meta name=\"description\" content=\"Dru\u017einsko vodeno podjetje Pod Skalo je nadaljevanje dolgoletne gostinske tradicije, ki se na odli\u010dni lokaciji pod Starim gradom prena\u0161a iz roda v rod.\" \/>\n<meta name=\"robots\" content=\"index, follow, max-snippet:-1, max-image-preview:large, max-video-preview:-1\" \/>\n<link rel=\"canonical\" href=\"https:\/\/podskalo.si\/en\/location\/\" \/>\n<meta property=\"og:locale\" content=\"en_US\" \/>\n<meta property=\"og:type\" content=\"article\" \/>\n<meta property=\"og:title\" content=\"Location - Podskalo\" \/>\n<meta property=\"og:description\" content=\"Dru\u017einsko vodeno podjetje Pod Skalo je nadaljevanje dolgoletne gostinske tradicije, ki se na odli\u010dni lokaciji pod Starim gradom prena\u0161a iz roda v rod.\" \/>\n<meta property=\"og:url\" content=\"https:\/\/podskalo.si\/en\/location\/\" \/>\n<meta property=\"og:site_name\" content=\"Podskalo\" \/>\n<meta property=\"article:publisher\" content=\"https:\/\/www.facebook.com\/pod.skalo\/\" \/>\n<meta property=\"article:modified_time\" content=\"2022-03-08T10:18:30+00:00\" \/>\n<meta name=\"twitter:card\" content=\"summary_large_image\" \/>\n<meta name=\"twitter:label1\" content=\"Est. reading time\" \/>\n\t<meta name=\"twitter:data1\" content=\"1 minute\" \/>\n<script type=\"application\/ld+json\" class=\"yoast-schema-graph\">{\"@context\":\"https:\/\/schema.org\",\"@graph\":[{\"@type\":\"Organization\",\"@id\":\"https:\/\/podskalo.si\/#organization\",\"name\":\"Pod Skalo \u2013 B&B, Hostel in Pub\",\"url\":\"https:\/\/podskalo.si\/\",\"sameAs\":[\"https:\/\/www.facebook.com\/pod.skalo\/\",\"https:\/\/www.instagram.com\/podskalo\/\"],\"logo\":{\"@type\":\"ImageObject\",\"@id\":\"https:\/\/podskalo.si\/#logo\",\"inLanguage\":\"en-US\",\"url\":\"https:\/\/podskalo.si\/wp-content\/uploads\/2022\/02\/logo.png\",\"contentUrl\":\"https:\/\/podskalo.si\/wp-content\/uploads\/2022\/02\/logo.png\",\"width\":166,\"height\":81,\"caption\":\"Pod Skalo \u2013 B&B, Hostel in Pub\"},\"image\":{\"@id\":\"https:\/\/podskalo.si\/#logo\"}},{\"@type\":\"WebSite\",\"@id\":\"https:\/\/podskalo.si\/#website\",\"url\":\"https:\/\/podskalo.si\/\",\"name\":\"Podskalo\",\"description\":\"Preno\u010di\u0161\u010da in sobe Kamnik, hostel Pod Skalo\",\"publisher\":{\"@id\":\"https:\/\/podskalo.si\/#organization\"},\"potentialAction\":[{\"@type\":\"SearchAction\",\"target\":{\"@type\":\"EntryPoint\",\"urlTemplate\":\"https:\/\/podskalo.si\/?s={search_term_string}\"},\"query-input\":\"required name=search_term_string\"}],\"inLanguage\":\"en-US\"},{\"@type\":\"WebPage\",\"@id\":\"https:\/\/podskalo.si\/en\/location\/#webpage\",\"url\":\"https:\/\/podskalo.si\/en\/location\/\",\"name\":\"Location - Podskalo\",\"isPartOf\":{\"@id\":\"https:\/\/podskalo.si\/#website\"},\"datePublished\":\"2022-02-16T12:46:42+00:00\",\"dateModified\":\"2022-03-08T10:18:30+00:00\",\"description\":\"Dru\u017einsko vodeno podjetje Pod Skalo je nadaljevanje dolgoletne gostinske tradicije, ki se na odli\u010dni lokaciji pod Starim gradom prena\u0161a iz roda v rod.\",\"breadcrumb\":{\"@id\":\"https:\/\/podskalo.si\/en\/location\/#breadcrumb\"},\"inLanguage\":\"en-US\",\"potentialAction\":[{\"@type\":\"ReadAction\",\"target\":[\"https:\/\/podskalo.si\/en\/location\/\"]}]},{\"@type\":\"BreadcrumbList\",\"@id\":\"https:\/\/podskalo.si\/en\/location\/#breadcrumb\",\"itemListElement\":[{\"@type\":\"ListItem\",\"position\":1,\"name\":\"Home\",\"item\":\"https:\/\/podskalo.si\/\"},{\"@type\":\"ListItem\",\"position\":2,\"name\":\"Location\"}]}]}<\/script>\n<!-- \/ Yoast SEO plugin. -->","yoast_head_json":{"title":"Location - Podskalo","description":"Dru\u017einsko vodeno podjetje Pod Skalo je nadaljevanje dolgoletne gostinske tradicije, ki se na odli\u010dni lokaciji pod Starim gradom prena\u0161a iz roda v rod.","robots":{"index":"index","follow":"follow","max-snippet":"max-snippet:-1","max-image-preview":"max-image-preview:large","max-video-preview":"max-video-preview:-1"},"canonical":"https:\/\/podskalo.si\/en\/location\/","og_locale":"en_US","og_type":"article","og_title":"Location - Podskalo","og_description":"Dru\u017einsko vodeno podjetje Pod Skalo je nadaljevanje dolgoletne gostinske tradicije, ki se na odli\u010dni lokaciji pod Starim gradom prena\u0161a iz roda v rod.","og_url":"https:\/\/podskalo.si\/en\/location\/","og_site_name":"Podskalo","article_publisher":"https:\/\/www.facebook.com\/pod.skalo\/","article_modified_time":"2022-03-08T10:18:30+00:00","twitter_card":"summary_large_image","twitter_misc":{"Est. reading time":"1 minute"},"schema":{"@context":"https:\/\/schema.org","@graph":[{"@type":"Organization","@id":"https:\/\/podskalo.si\/#organization","name":"Pod Skalo \u2013 B&B, Hostel in Pub","url":"https:\/\/podskalo.si\/","sameAs":["https:\/\/www.facebook.com\/pod.skalo\/","https:\/\/www.instagram.com\/podskalo\/"],"logo":{"@type":"ImageObject","@id":"https:\/\/podskalo.si\/#logo","inLanguage":"en-US","url":"https:\/\/podskalo.si\/wp-content\/uploads\/2022\/02\/logo.png","contentUrl":"https:\/\/podskalo.si\/wp-content\/uploads\/2022\/02\/logo.png","width":166,"height":81,"caption":"Pod Skalo \u2013 B&B, Hostel in Pub"},"image":{"@id":"https:\/\/podskalo.si\/#logo"}},{"@type":"WebSite","@id":"https:\/\/podskalo.si\/#website","url":"https:\/\/podskalo.si\/","name":"Podskalo","description":"Preno\u010di\u0161\u010da in sobe Kamnik, hostel Pod Skalo","publisher":{"@id":"https:\/\/podskalo.si\/#organization"},"potentialAction":[{"@type":"SearchAction","target":{"@type":"EntryPoint","urlTemplate":"https:\/\/podskalo.si\/?s={search_term_string}"},"query-input":"required name=search_term_string"}],"inLanguage":"en-US"},{"@type":"WebPage","@id":"https:\/\/podskalo.si\/en\/location\/#webpage","url":"https:\/\/podskalo.si\/en\/location\/","name":"Location - Podskalo","isPartOf":{"@id":"https:\/\/podskalo.si\/#website"},"datePublished":"2022-02-16T12:46:42+00:00","dateModified":"2022-03-08T10:18:30+00:00","description":"Dru\u017einsko vodeno podjetje Pod Skalo je nadaljevanje dolgoletne gostinske tradicije, ki se na odli\u010dni lokaciji pod Starim gradom prena\u0161a iz roda v rod.","breadcrumb":{"@id":"https:\/\/podskalo.si\/en\/location\/#breadcrumb"},"inLanguage":"en-US","potentialAction":[{"@type":"ReadAction","target":["https:\/\/podskalo.si\/en\/location\/"]}]},{"@type":"BreadcrumbList","@id":"https:\/\/podskalo.si\/en\/location\/#breadcrumb","itemListElement":[{"@type":"ListItem","position":1,"name":"Home","item":"https:\/\/podskalo.si\/"},{"@type":"ListItem","position":2,"name":"Location"}]}]}},"_links":{"self":[{"href":"https:\/\/podskalo.si\/en\/wp-json\/wp\/v2\/pages\/1276","targetHints":{"allow":["GET"]}}],"collection":[{"href":"https:\/\/podskalo.si\/en\/wp-json\/wp\/v2\/pages"}],"about":[{"href":"https:\/\/podskalo.si\/en\/wp-json\/wp\/v2\/types\/page"}],"author":[{"embeddable":true,"href":"https:\/\/podskalo.si\/en\/wp-json\/wp\/v2\/users\/1"}],"replies":[{"embeddable":true,"href":"https:\/\/podskalo.si\/en\/wp-json\/wp\/v2\/comments?post=1276"}],"version-history":[{"count":3,"href":"https:\/\/podskalo.si\/en\/wp-json\/wp\/v2\/pages\/1276\/revisions"}],"predecessor-version":[{"id":1279,"href":"https:\/\/podskalo.si\/en\/wp-json\/wp\/v2\/pages\/1276\/revisions\/1279"}],"wp:attachment":[{"href":"https:\/\/podskalo.si\/en\/wp-json\/wp\/v2\/media?parent=1276"}],"curies":[{"name":"wp","href":"https:\/\/api.w.org\/{rel}","templated":true}]}}